{"id":534,"date":"2023-10-26T19:02:26","date_gmt":"2023-10-26T19:02:26","guid":{"rendered":"https:\/\/www.soltechmexico.com\/shop\/?post_type=product&#038;p=534"},"modified":"2023-10-26T19:02:26","modified_gmt":"2023-10-26T19:02:26","slug":"mini-cilindro-iso-6432","status":"publish","type":"product","link":"https:\/\/www.soltechmexico.com\/shop\/producto\/mini-cilindro-iso-6432\/","title":{"rendered":"Mini Cilindro ISO 6432"},"content":{"rendered":"<p>Cilindro Neumatico fabricado bajo las normas internacionales ISO 6432 En tama\u00f1os desde 10 hasta 40 mm de di\u00e1metro de pist\u00f3n. Camisa en aluminio extra-liviano con anodizado interno. Embolo Magnetico Opci\u00f3n disponible para sensor magnetico. Sujecion roscada por ambos lados<\/p>\n<div class=\"scroll\">\n<table border=\"1\">\n<tbody>\n<tr>\n<td class=\"Estilo29\" bgcolor=\"#fff\" width=\"13%\">DIAMETRO ( mm )<\/td>\n<td class=\"Estilo29\" bgcolor=\"#005bcb\" width=\"9%\">\n<div align=\"center\">10<\/div>\n<\/td>\n<td class=\"Estilo29\" bgcolor=\"#005bcb\" width=\"10%\">\n<div align=\"center\">12<\/div>\n<\/td>\n<td class=\"Estilo29\" bgcolor=\"#005bcb\" width=\"10%\">\n<div align=\"center\">16<\/div>\n<\/td>\n<td class=\"Estilo29\" bgcolor=\"#005bcb\" width=\"10%\">\n<div align=\"center\">20<\/div>\n<\/td>\n<td class=\"Estilo29\" bgcolor=\"#005bcb\" width=\"10%\">\n<div align=\"center\">25<\/div>\n<\/td>\n<td class=\"Estilo29\" bgcolor=\"#005bcb\" width=\"10%\">\n<div align=\"center\">32<\/div>\n<\/td>\n<td class=\"Estilo29\" bgcolor=\"#005bcb\" width=\"10%\">\n<div align=\"center\">40<\/div>\n<\/td>\n<td class=\"Estilo29\" bgcolor=\"#005bcb\">\n<div align=\"center\"><\/div>\n<\/td>\n<\/tr>\n<tr>\n<td class=\"Estilo29\" bgcolor=\"#fff\">FLUIDO<\/td>\n<td class=\"Estilo15\" colspan=\"8\" bgcolor=\"#fff\">\n<div class=\"Estilo33\" align=\"center\">Aire Comprimido<\/div>\n<\/td>\n<\/tr>\n<tr>\n<td class=\"Estilo29\" bgcolor=\"#fff\">ACCIONAMIENTO<\/td>\n<td class=\"Estilo29\" colspan=\"8\" bgcolor=\"#fff\">\n<div align=\"center\">Doble Accion o simple accion<\/div>\n<\/td>\n<\/tr>\n<tr>\n<td class=\"Estilo29\" bgcolor=\"#fff\" height=\"34\">AMORTIGUACION<\/td>\n<td class=\"Estilo15\" colspan=\"8\" bgcolor=\"#fff\">\n<div class=\"Estilo33\" align=\"center\">Sin y con amortiguacion segun se requiera<\/div>\n<\/td>\n<\/tr>\n<tr>\n<td class=\"Estilo29\" bgcolor=\"#fff\" height=\"41\">Maxima presion de trabajo<\/td>\n<td class=\"Estilo15\" colspan=\"8\" bgcolor=\"#fff\">\n<div class=\"Estilo33\" align=\"center\">10 bar<\/div>\n<\/td>\n<\/tr>\n<tr>\n<td class=\"Estilo29\" bgcolor=\"#fff\" height=\"23\">CONEXION<\/td>\n<td class=\"Estilo15\" colspan=\"3\" bgcolor=\"#fff\">\n<div class=\"Estilo33\" align=\"center\">M5<\/div>\n<div class=\"Estilo33\" align=\"center\"><\/div>\n<div class=\"Estilo33\" align=\"center\"><\/div>\n<\/td>\n<td class=\"Estilo15\" colspan=\"3\" bgcolor=\"#fff\">\n<div class=\"Estilo33\" align=\"center\">1\/8&#8243;<\/div>\n<div class=\"Estilo33\" align=\"center\"><\/div>\n<div class=\"Estilo33\" align=\"center\"><\/div>\n<div class=\"Estilo33\" align=\"center\"><\/div>\n<\/td>\n<td class=\"Estilo15\" bgcolor=\"#fff\">\n<div align=\"center\"><span class=\"Estilo33\">1\/4&#8243;<\/span><\/div>\n<\/td>\n<td class=\"Estilo15\" bgcolor=\"#fff\" width=\"9%\">\n<div class=\"Estilo33\" align=\"center\"><\/div>\n<\/td>\n<\/tr>\n<tr>\n<td class=\"Estilo29\" bgcolor=\"#fff\" height=\"40\">Minima presion de trabajo<\/td>\n<td class=\"Estilo15\" colspan=\"8\" bgcolor=\"#fff\">\n<div class=\"Estilo33\" align=\"center\">1 bar<\/div>\n<div class=\"Estilo33\" align=\"center\"><\/div>\n<div class=\"Estilo33\" align=\"center\"><\/div>\n<div class=\"Estilo33\" align=\"center\"><\/div>\n<div class=\"Estilo33\" align=\"center\"><\/div>\n<div class=\"Estilo33\" align=\"center\"><\/div>\n<div class=\"Estilo33\" align=\"center\"><\/div>\n<div class=\"Estilo33\" align=\"center\"><\/div>\n<\/td>\n<\/tr>\n<tr>\n<td class=\"Estilo29\" bgcolor=\"#fff\">Temperatura<\/td>\n<td class=\"Estilo15\" colspan=\"8\" bgcolor=\"#fff\">\n<div class=\"Estilo33\" align=\"center\">5 &#8211; 60 \u00baC<\/div>\n<\/td>\n<\/tr>\n<tr>\n<td class=\"Estilo29\" bgcolor=\"#fff\" height=\"37\">Velocidad de Operacion<\/td>\n<td class=\"Estilo15\" colspan=\"8\" bgcolor=\"#fff\">\n<div class=\"Estilo33\" align=\"center\">50- 750 mm\/seg<\/div>\n<div class=\"Estilo33\" align=\"center\"><\/div>\n<div class=\"Estilo33\" align=\"center\"><\/div>\n<\/td>\n<\/tr>\n<tr>\n<td class=\"Estilo29\" bgcolor=\"#fff\" height=\"32\">LUBRICACION<\/td>\n<td class=\"Estilo15\" colspan=\"8\" bgcolor=\"#fff\">\n<div class=\"Estilo33\" align=\"center\">Se recomienda ISO VG32<\/div>\n<div class=\"Estilo33\" align=\"center\"><\/div>\n<div class=\"Estilo33\" align=\"center\"><\/div>\n<\/td>\n<\/tr>\n<tr>\n<td class=\"Estilo29\" bgcolor=\"#fff\" height=\"33\">CARRERA<\/td>\n<td colspan=\"8\" bgcolor=\"#fff\">\n<div class=\"Estilo29\" align=\"center\">10 A 500 mm<\/div>\n<\/td>\n<\/tr>\n<tr>\n<td class=\"Estilo29\" bgcolor=\"#fff\" height=\"61\">MATERIAL<\/td>\n<td class=\"Estilo29\" colspan=\"8\" bgcolor=\"#fff\">\n<div align=\"center\">Aleacion de Aluminio<\/div>\n<\/td>\n<\/tr>\n<\/tbody>\n<\/table>\n<\/div>\n","protected":false},"excerpt":{"rendered":"<p>Cilindro Neumatico fabricado bajo las normas internacionales ISO 6432 En tama\u00f1os desde 10 hasta 40 mm de di\u00e1metro de pist\u00f3n. Camisa en aluminio extra-liviano con anodizado interno. Embolo Magnetico Opci\u00f3n disponible para sensor magnetico. Sujecion roscada por ambos lados DIAMETRO ( mm ) 10 12 16 20 25 32 40 FLUIDO Aire Comprimido ACCIONAMIENTO Doble [&hellip;]<\/p>\n","protected":false},"featured_media":537,"comment_status":"open","ping_status":"closed","template":"","meta":{"inline_featured_image":false},"product_cat":[20],"product_tag":[],"class_list":{"0":"post-534","1":"product","2":"type-product","3":"status-publish","4":"has-post-thumbnail","6":"product_cat-cilindros-neumaticos","8":"first","9":"instock","10":"shipping-taxable","11":"purchasable","12":"product-type-simple"},"_links":{"self":[{"href":"https:\/\/www.soltechmexico.com\/shop\/wp-json\/wp\/v2\/product\/534","targetHints":{"allow":["GET"]}}],"collection":[{"href":"https:\/\/www.soltechmexico.com\/shop\/wp-json\/wp\/v2\/product"}],"about":[{"href":"https:\/\/www.soltechmexico.com\/shop\/wp-json\/wp\/v2\/types\/product"}],"replies":[{"embeddable":true,"href":"https:\/\/www.soltechmexico.com\/shop\/wp-json\/wp\/v2\/comments?post=534"}],"wp:featuredmedia":[{"embeddable":true,"href":"https:\/\/www.soltechmexico.com\/shop\/wp-json\/wp\/v2\/media\/537"}],"wp:attachment":[{"href":"https:\/\/www.soltechmexico.com\/shop\/wp-json\/wp\/v2\/media?parent=534"}],"wp:term":[{"taxonomy":"product_cat","embeddable":true,"href":"https:\/\/www.soltechmexico.com\/shop\/wp-json\/wp\/v2\/product_cat?post=534"},{"taxonomy":"product_tag","embeddable":true,"href":"https:\/\/www.soltechmexico.com\/shop\/wp-json\/wp\/v2\/product_tag?post=534"}],"curies":[{"name":"wp","href":"https:\/\/api.w.org\/{rel}","templated":true}]}}