{"id":544,"date":"2023-10-26T19:27:43","date_gmt":"2023-10-26T19:27:43","guid":{"rendered":"https:\/\/www.soltechmexico.com\/shop\/?post_type=product&#038;p=544"},"modified":"2023-10-26T19:27:43","modified_gmt":"2023-10-26T19:27:43","slug":"cilindros-neumaticos-iso-vdma","status":"publish","type":"product","link":"https:\/\/www.soltechmexico.com\/shop\/producto\/cilindros-neumaticos-iso-vdma\/","title":{"rendered":"Cilindros Neumaticos ISO VDMA"},"content":{"rendered":"<p>Cilindro Neumatico fabricado sin tirantes con normas internacionales ISO VDMA En tama\u00f1os desde 32 hasta 125 mm de di\u00e1metro de pist\u00f3n. Camisa en aluminio extra-liviano con anodizado interno. Embolo Magnetico y amortiguacion acolchonada en ambos lados Ranura en embolo para sensor magnetico<\/p>\n<div class=\"scroll\">\n<table border=\"1\">\n<tbody>\n<tr>\n<td class=\"Estilo29\" bgcolor=\"#fff\" width=\"13%\">DIAMETRO ( mm )<\/td>\n<td class=\"Estilo29\" bgcolor=\"#005bcb\">\n<div align=\"center\">32<\/div>\n<\/td>\n<td class=\"Estilo29\" bgcolor=\"#005bcb\" width=\"10%\">\n<div align=\"center\">40<\/div>\n<\/td>\n<td class=\"Estilo29\" bgcolor=\"#005bcb\" width=\"10%\">\n<div align=\"center\">50<\/div>\n<\/td>\n<td class=\"Estilo29\" bgcolor=\"#005bcb\" width=\"10%\">\n<div align=\"center\">63<\/div>\n<\/td>\n<td class=\"Estilo29\" bgcolor=\"#005bcb\" width=\"10%\">\n<div align=\"center\">80<\/div>\n<\/td>\n<td class=\"Estilo29\" bgcolor=\"#005bcb\" width=\"10%\">\n<div align=\"center\">100<\/div>\n<\/td>\n<td class=\"Estilo29\" bgcolor=\"#005bcb\" width=\"10%\">\n<div align=\"center\">125<\/div>\n<\/td>\n<td class=\"Estilo29\" bgcolor=\"#005bcb\">\n<div align=\"center\"><\/div>\n<\/td>\n<\/tr>\n<tr>\n<td class=\"Estilo29\" bgcolor=\"#fff\">FLUIDO<\/td>\n<td class=\"Estilo15\" colspan=\"8\" bgcolor=\"#fff\">\n<div class=\"Estilo33\" align=\"center\">Aire Comprimido<\/div>\n<\/td>\n<\/tr>\n<tr>\n<td class=\"Estilo29\" bgcolor=\"#fff\">ACCIONAMIENTO<\/td>\n<td class=\"Estilo29\" colspan=\"8\" bgcolor=\"#fff\">\n<div align=\"center\">Doble Accion<\/div>\n<\/td>\n<\/tr>\n<tr>\n<td class=\"Estilo29\" bgcolor=\"#fff\" height=\"34\">AMORTIGUACION<\/td>\n<td class=\"Estilo15\" colspan=\"8\" bgcolor=\"#fff\">\n<div class=\"Estilo33\" align=\"center\">Con Amortiguacion acolchonada<\/div>\n<\/td>\n<\/tr>\n<tr>\n<td class=\"Estilo29\" bgcolor=\"#fff\" height=\"41\">Maxima presion de trabajo<\/td>\n<td class=\"Estilo15\" colspan=\"8\" bgcolor=\"#fff\">\n<div class=\"Estilo33\" align=\"center\">10 bar<\/div>\n<\/td>\n<\/tr>\n<tr>\n<td class=\"Estilo29\" bgcolor=\"#fff\">CONEXION<\/td>\n<td class=\"Estilo15\" bgcolor=\"#fff\" width=\"9%\">\n<div class=\"Estilo33\" align=\"center\">1\/8&#8243;<\/div>\n<\/td>\n<td class=\"Estilo15\" colspan=\"2\" bgcolor=\"#fff\">\n<div class=\"Estilo33\" align=\"center\">1\/4&#8243;<\/div>\n<div class=\"Estilo33\" align=\"center\"><\/div>\n<\/td>\n<td class=\"Estilo15\" colspan=\"2\" bgcolor=\"#fff\">\n<div class=\"Estilo33\" align=\"center\">3\/8&#8243;<\/div>\n<div class=\"Estilo33\" align=\"center\"><\/div>\n<\/td>\n<td class=\"Estilo15\" colspan=\"2\" bgcolor=\"#fff\">\n<div class=\"Estilo33\" align=\"center\">1\/2&#8243;<\/div>\n<div class=\"Estilo33\" align=\"center\"><\/div>\n<\/td>\n<td class=\"Estilo15\" bgcolor=\"#fff\" width=\"9%\">\n<div class=\"Estilo33\" align=\"center\"><\/div>\n<\/td>\n<\/tr>\n<tr>\n<td class=\"Estilo29\" bgcolor=\"#fff\" height=\"40\">Minima presion de trabajo<\/td>\n<td class=\"Estilo15\" colspan=\"8\" bgcolor=\"#fff\">\n<div class=\"Estilo33\" align=\"center\">1 bar<\/div>\n<\/td>\n<\/tr>\n<tr>\n<td class=\"Estilo29\" bgcolor=\"#fff\">Temperatura<\/td>\n<td class=\"Estilo15\" colspan=\"8\" bgcolor=\"#fff\">\n<div class=\"Estilo33\" align=\"center\">5 &#8211; 60 \u00baC<\/div>\n<\/td>\n<\/tr>\n<tr>\n<td class=\"Estilo29\" bgcolor=\"#fff\" height=\"37\">Velocidad de Operacion<\/td>\n<td class=\"Estilo15\" colspan=\"8\" bgcolor=\"#fff\">\n<div class=\"Estilo33\" align=\"center\">50 500 mm\/seg<\/div>\n<\/td>\n<\/tr>\n<tr>\n<td class=\"Estilo29\" bgcolor=\"#fff\" height=\"32\">LUBRICACION<\/td>\n<td class=\"Estilo15\" colspan=\"8\" bgcolor=\"#fff\">\n<div class=\"Estilo33\" align=\"center\">Se recomienda ISO VG32<\/div>\n<\/td>\n<\/tr>\n<tr>\n<td class=\"Estilo29\" bgcolor=\"#fff\" height=\"33\">CARRERA<\/td>\n<td colspan=\"8\" bgcolor=\"#fff\">\n<div class=\"Estilo29\" align=\"center\">25 A 1500 mm<\/div>\n<\/td>\n<\/tr>\n<tr>\n<td class=\"Estilo29\" bgcolor=\"#fff\" height=\"61\">MATERIAL<\/td>\n<td class=\"Estilo29\" colspan=\"8\" bgcolor=\"#fff\">\n<div align=\"center\">Aleacion de Aluminio<\/div>\n<\/td>\n<\/tr>\n<\/tbody>\n<\/table>\n<\/div>\n","protected":false},"excerpt":{"rendered":"<p>Cilindro Neumatico fabricado sin tirantes con normas internacionales ISO VDMA En tama\u00f1os desde 32 hasta 125 mm de di\u00e1metro de pist\u00f3n. Camisa en aluminio extra-liviano con anodizado interno. Embolo Magnetico y amortiguacion acolchonada en ambos lados Ranura en embolo para sensor magnetico DIAMETRO ( mm ) 32 40 50 63 80 100 125 FLUIDO Aire [&hellip;]<\/p>\n","protected":false},"featured_media":545,"comment_status":"open","ping_status":"closed","template":"","meta":{"inline_featured_image":false},"product_cat":[20],"product_tag":[],"class_list":{"0":"post-544","1":"product","2":"type-product","3":"status-publish","4":"has-post-thumbnail","6":"product_cat-cilindros-neumaticos","8":"first","9":"instock","10":"shipping-taxable","11":"purchasable","12":"product-type-simple"},"_links":{"self":[{"href":"https:\/\/www.soltechmexico.com\/shop\/wp-json\/wp\/v2\/product\/544","targetHints":{"allow":["GET"]}}],"collection":[{"href":"https:\/\/www.soltechmexico.com\/shop\/wp-json\/wp\/v2\/product"}],"about":[{"href":"https:\/\/www.soltechmexico.com\/shop\/wp-json\/wp\/v2\/types\/product"}],"replies":[{"embeddable":true,"href":"https:\/\/www.soltechmexico.com\/shop\/wp-json\/wp\/v2\/comments?post=544"}],"wp:featuredmedia":[{"embeddable":true,"href":"https:\/\/www.soltechmexico.com\/shop\/wp-json\/wp\/v2\/media\/545"}],"wp:attachment":[{"href":"https:\/\/www.soltechmexico.com\/shop\/wp-json\/wp\/v2\/media?parent=544"}],"wp:term":[{"taxonomy":"product_cat","embeddable":true,"href":"https:\/\/www.soltechmexico.com\/shop\/wp-json\/wp\/v2\/product_cat?post=544"},{"taxonomy":"product_tag","embeddable":true,"href":"https:\/\/www.soltechmexico.com\/shop\/wp-json\/wp\/v2\/product_tag?post=544"}],"curies":[{"name":"wp","href":"https:\/\/api.w.org\/{rel}","templated":true}]}}