{"id":551,"date":"2023-10-26T19:39:52","date_gmt":"2023-10-26T19:39:52","guid":{"rendered":"https:\/\/www.soltechmexico.com\/shop\/?post_type=product&#038;p=551"},"modified":"2023-10-26T19:39:52","modified_gmt":"2023-10-26T19:39:52","slug":"cilindros-neumaticos-guiados","status":"publish","type":"product","link":"https:\/\/www.soltechmexico.com\/shop\/producto\/cilindros-neumaticos-guiados\/","title":{"rendered":"Cilindros Neumaticos Guiados"},"content":{"rendered":"<p>Cilindro Neumatico fabricado con normas internacionales En tama\u00f1os desde 16 hasta 32 mm de di\u00e1metro de pist\u00f3n. Camisa en aluminio extra-liviano con anodizado interno. Embolo Magnetico y amortiguacion acolchonada en ambos lados Amortiguiacion y ajuste de carrera<\/p>\n<div class=\"scroll\">\n<table border=\"1\">\n<tbody>\n<tr>\n<td class=\"Estilo29\" bgcolor=\"#fff\" width=\"15%\">DIAMETRO ( mm )<\/td>\n<td class=\"Estilo29\" bgcolor=\"#005bcb\" width=\"28%\">\n<div align=\"center\">16<\/div>\n<\/td>\n<td class=\"Estilo29\" bgcolor=\"#005bcb\" width=\"29%\">\n<div align=\"center\">20<\/div>\n<\/td>\n<td class=\"Estilo29\" bgcolor=\"#005bcb\" width=\"28%\">\n<div align=\"center\">25<\/div>\n<\/td>\n<\/tr>\n<tr>\n<td class=\"Estilo29\" bgcolor=\"#fff\">FLUIDO<\/td>\n<td class=\"Estilo15\" colspan=\"3\" bgcolor=\"#fff\">\n<div class=\"Estilo33\" align=\"center\">Aire Comprimido<\/div>\n<\/td>\n<\/tr>\n<tr>\n<td class=\"Estilo29\" bgcolor=\"#fff\">ACCIONAMIENTO<\/td>\n<td class=\"Estilo29\" colspan=\"3\" bgcolor=\"#fff\">\n<div align=\"center\">Doble Accion<\/div>\n<\/td>\n<\/tr>\n<tr>\n<td class=\"Estilo29\" bgcolor=\"#fff\" height=\"34\">AMORTIGUACION<\/td>\n<td class=\"Estilo15\" colspan=\"3\" bgcolor=\"#fff\">\n<div class=\"Estilo33\" align=\"center\">Con Amortiguacion acolchonada y ajuste de carrera<\/div>\n<\/td>\n<\/tr>\n<tr>\n<td class=\"Estilo29\" bgcolor=\"#fff\" height=\"41\">Maxima presion de trabajo<\/td>\n<td class=\"Estilo15\" colspan=\"3\" bgcolor=\"#fff\">\n<div class=\"Estilo33\" align=\"center\">15 bar<\/div>\n<\/td>\n<\/tr>\n<tr>\n<td class=\"Estilo29\" bgcolor=\"#fff\">CONEXION<\/td>\n<td class=\"Estilo15\" colspan=\"2\" bgcolor=\"#fff\">\n<div class=\"Estilo33\" align=\"center\">M5X0.8<\/div>\n<\/td>\n<td class=\"Estilo15\" bgcolor=\"#fff\">\n<div align=\"center\"><span class=\"Estilo33\">1\/8&#8243;<\/span><\/div>\n<\/td>\n<\/tr>\n<tr>\n<td class=\"Estilo29\" bgcolor=\"#fff\" height=\"40\">Minima presion de trabajo<\/td>\n<td class=\"Estilo15\" colspan=\"3\" bgcolor=\"#fff\">\n<div class=\"Estilo33\" align=\"center\">1 bar<\/div>\n<\/td>\n<\/tr>\n<tr>\n<td class=\"Estilo29\" bgcolor=\"#fff\">Temperatura<\/td>\n<td class=\"Estilo15\" colspan=\"3\" bgcolor=\"#fff\">\n<div class=\"Estilo33\" align=\"center\">5 &#8211; 60 \u00baC<\/div>\n<\/td>\n<\/tr>\n<tr>\n<td class=\"Estilo29\" bgcolor=\"#fff\" height=\"37\">Velocidad de Operacion<\/td>\n<td class=\"Estilo15\" colspan=\"3\" bgcolor=\"#fff\">\n<div class=\"Estilo33\" align=\"center\">100-500 mm\/seg<\/div>\n<\/td>\n<\/tr>\n<tr>\n<td class=\"Estilo29\" bgcolor=\"#fff\" height=\"32\">LUBRICACION<\/td>\n<td class=\"Estilo15\" colspan=\"3\" bgcolor=\"#fff\">\n<div class=\"Estilo33\" align=\"center\">Se recomienda ISO VG32<\/div>\n<\/td>\n<\/tr>\n<tr>\n<td class=\"Estilo29\" bgcolor=\"#fff\" height=\"33\">CARRERA<\/td>\n<td colspan=\"3\" bgcolor=\"#fff\">\n<div class=\"Estilo29\" align=\"center\">10 A 150 mm<\/div>\n<\/td>\n<\/tr>\n<tr>\n<td class=\"Estilo29\" bgcolor=\"#fff\" height=\"61\">MATERIAL<\/td>\n<td class=\"Estilo29\" colspan=\"3\" bgcolor=\"#fff\">\n<div align=\"center\">Aleacion de Aluminio<\/div>\n<\/td>\n<\/tr>\n<\/tbody>\n<\/table>\n<\/div>\n","protected":false},"excerpt":{"rendered":"<p>Cilindro Neumatico fabricado con normas internacionales En tama\u00f1os desde 16 hasta 32 mm de di\u00e1metro de pist\u00f3n. Camisa en aluminio extra-liviano con anodizado interno. Embolo Magnetico y amortiguacion acolchonada en ambos lados Amortiguiacion y ajuste de carrera DIAMETRO ( mm ) 16 20 25 FLUIDO Aire Comprimido ACCIONAMIENTO Doble Accion AMORTIGUACION Con Amortiguacion acolchonada y [&hellip;]<\/p>\n","protected":false},"featured_media":552,"comment_status":"open","ping_status":"closed","template":"","meta":{"inline_featured_image":false},"product_cat":[20],"product_tag":[],"class_list":{"0":"post-551","1":"product","2":"type-product","3":"status-publish","4":"has-post-thumbnail","6":"product_cat-cilindros-neumaticos","8":"first","9":"instock","10":"shipping-taxable","11":"purchasable","12":"product-type-simple"},"_links":{"self":[{"href":"https:\/\/www.soltechmexico.com\/shop\/wp-json\/wp\/v2\/product\/551","targetHints":{"allow":["GET"]}}],"collection":[{"href":"https:\/\/www.soltechmexico.com\/shop\/wp-json\/wp\/v2\/product"}],"about":[{"href":"https:\/\/www.soltechmexico.com\/shop\/wp-json\/wp\/v2\/types\/product"}],"replies":[{"embeddable":true,"href":"https:\/\/www.soltechmexico.com\/shop\/wp-json\/wp\/v2\/comments?post=551"}],"wp:featuredmedia":[{"embeddable":true,"href":"https:\/\/www.soltechmexico.com\/shop\/wp-json\/wp\/v2\/media\/552"}],"wp:attachment":[{"href":"https:\/\/www.soltechmexico.com\/shop\/wp-json\/wp\/v2\/media?parent=551"}],"wp:term":[{"taxonomy":"product_cat","embeddable":true,"href":"https:\/\/www.soltechmexico.com\/shop\/wp-json\/wp\/v2\/product_cat?post=551"},{"taxonomy":"product_tag","embeddable":true,"href":"https:\/\/www.soltechmexico.com\/shop\/wp-json\/wp\/v2\/product_tag?post=551"}],"curies":[{"name":"wp","href":"https:\/\/api.w.org\/{rel}","templated":true}]}}