{"id":553,"date":"2023-10-26T19:49:28","date_gmt":"2023-10-26T19:49:28","guid":{"rendered":"https:\/\/www.soltechmexico.com\/shop\/?post_type=product&#038;p=553"},"modified":"2023-10-26T19:49:28","modified_gmt":"2023-10-26T19:49:28","slug":"cilindros-deslizables","status":"publish","type":"product","link":"https:\/\/www.soltechmexico.com\/shop\/producto\/cilindros-deslizables\/","title":{"rendered":"Cilindros Deslizables"},"content":{"rendered":"<p>Cilindro Neumatico fabricado con normas internacionales En tama\u00f1os desde 15 hasta 32 mm de di\u00e1metro de pist\u00f3n. Camisa en aluminio extra-liviano con anodizado interno. Embolo Magnetico y amortiguacion acolchonada en ambos lados Deslizamiento del cuerpo suave<\/p>\n<div class=\"scroll\">\n<table border=\"1\">\n<tbody>\n<tr>\n<td class=\"Estilo29\" bgcolor=\"#fff\" width=\"15%\">DIAMETRO ( mm )<\/td>\n<td class=\"Estilo29\" bgcolor=\"#005bcb\" width=\"21%\">\n<div align=\"center\">15<\/div>\n<\/td>\n<td class=\"Estilo29\" bgcolor=\"#005bcb\" width=\"22%\">\n<div align=\"center\">20<\/div>\n<\/td>\n<td class=\"Estilo29\" bgcolor=\"#005bcb\" width=\"21%\">\n<div align=\"center\">25<\/div>\n<\/td>\n<td class=\"Estilo29\" bgcolor=\"#005bcb\" width=\"21%\">\n<div align=\"center\">32<\/div>\n<\/td>\n<\/tr>\n<tr>\n<td class=\"Estilo29\" bgcolor=\"#fff\">FLUIDO<\/td>\n<td class=\"Estilo15\" colspan=\"4\" bgcolor=\"#fff\">\n<div class=\"Estilo33\" align=\"center\">Aire Comprimido<\/div>\n<\/td>\n<\/tr>\n<tr>\n<td class=\"Estilo29\" bgcolor=\"#fff\">ACCIONAMIENTO<\/td>\n<td class=\"Estilo29\" colspan=\"4\" bgcolor=\"#fff\">\n<div align=\"center\">Doble Accion<\/div>\n<\/td>\n<\/tr>\n<tr>\n<td class=\"Estilo29\" bgcolor=\"#fff\" height=\"34\">AMORTIGUACION<\/td>\n<td class=\"Estilo15\" colspan=\"4\" bgcolor=\"#fff\">\n<div class=\"Estilo33\" align=\"center\">Con Amortiguacion acolchonada<\/div>\n<\/td>\n<\/tr>\n<tr>\n<td class=\"Estilo29\" bgcolor=\"#fff\" height=\"41\">Maxima presion de trabajo<\/td>\n<td class=\"Estilo15\" colspan=\"4\" bgcolor=\"#fff\">\n<div class=\"Estilo33\" align=\"center\">11 bar<\/div>\n<\/td>\n<\/tr>\n<tr>\n<td class=\"Estilo29\" bgcolor=\"#fff\">CONEXION<\/td>\n<td class=\"Estilo15\" bgcolor=\"#fff\">\n<div class=\"Estilo33\" align=\"center\">M5X0.8<\/div>\n<div class=\"Estilo33\" align=\"center\"><\/div>\n<\/td>\n<td class=\"Estilo15\" colspan=\"3\" bgcolor=\"#fff\">\n<div align=\"center\"><span class=\"Estilo33\">1\/8&#8243;<\/span><\/div>\n<\/td>\n<\/tr>\n<tr>\n<td class=\"Estilo29\" bgcolor=\"#fff\" height=\"40\">Minima presion de trabajo<\/td>\n<td class=\"Estilo15\" colspan=\"4\" bgcolor=\"#fff\">\n<div class=\"Estilo33\" align=\"center\">1 bar<\/div>\n<\/td>\n<\/tr>\n<tr>\n<td class=\"Estilo29\" bgcolor=\"#fff\">Temperatura<\/td>\n<td class=\"Estilo15\" colspan=\"4\" bgcolor=\"#fff\">\n<div class=\"Estilo33\" align=\"center\">5 &#8211; 60 \u00baC<\/div>\n<\/td>\n<\/tr>\n<tr>\n<td class=\"Estilo29\" bgcolor=\"#fff\" height=\"37\">Velocidad de Operacion<\/td>\n<td class=\"Estilo15\" colspan=\"4\" bgcolor=\"#fff\">\n<div class=\"Estilo33\" align=\"center\">50-400 mm\/seg<\/div>\n<\/td>\n<\/tr>\n<tr>\n<td class=\"Estilo29\" bgcolor=\"#fff\" height=\"32\">LUBRICACION<\/td>\n<td class=\"Estilo15\" colspan=\"4\" bgcolor=\"#fff\">\n<div class=\"Estilo33\" align=\"center\">Se recomienda ISO VG32<\/div>\n<\/td>\n<\/tr>\n<tr>\n<td class=\"Estilo29\" bgcolor=\"#fff\" height=\"33\">CARRERA<\/td>\n<td colspan=\"4\" bgcolor=\"#fff\">\n<div class=\"Estilo29\" align=\"center\">150 A 600 mm<\/div>\n<\/td>\n<\/tr>\n<tr>\n<td class=\"Estilo29\" bgcolor=\"#fff\" height=\"61\">MATERIAL<\/td>\n<td class=\"Estilo29\" colspan=\"4\" bgcolor=\"#fff\">\n<div align=\"center\">Aleacion de Aluminio<\/div>\n<\/td>\n<\/tr>\n<\/tbody>\n<\/table>\n<\/div>\n","protected":false},"excerpt":{"rendered":"<p>Cilindro Neumatico fabricado con normas internacionales En tama\u00f1os desde 15 hasta 32 mm de di\u00e1metro de pist\u00f3n. Camisa en aluminio extra-liviano con anodizado interno. Embolo Magnetico y amortiguacion acolchonada en ambos lados Deslizamiento del cuerpo suave DIAMETRO ( mm ) 15 20 25 32 FLUIDO Aire Comprimido ACCIONAMIENTO Doble Accion AMORTIGUACION Con Amortiguacion acolchonada Maxima [&hellip;]<\/p>\n","protected":false},"featured_media":554,"comment_status":"open","ping_status":"closed","template":"","meta":{"inline_featured_image":false},"product_cat":[20],"product_tag":[],"class_list":{"0":"post-553","1":"product","2":"type-product","3":"status-publish","4":"has-post-thumbnail","6":"product_cat-cilindros-neumaticos","8":"first","9":"instock","10":"shipping-taxable","11":"purchasable","12":"product-type-simple"},"_links":{"self":[{"href":"https:\/\/www.soltechmexico.com\/shop\/wp-json\/wp\/v2\/product\/553","targetHints":{"allow":["GET"]}}],"collection":[{"href":"https:\/\/www.soltechmexico.com\/shop\/wp-json\/wp\/v2\/product"}],"about":[{"href":"https:\/\/www.soltechmexico.com\/shop\/wp-json\/wp\/v2\/types\/product"}],"replies":[{"embeddable":true,"href":"https:\/\/www.soltechmexico.com\/shop\/wp-json\/wp\/v2\/comments?post=553"}],"wp:featuredmedia":[{"embeddable":true,"href":"https:\/\/www.soltechmexico.com\/shop\/wp-json\/wp\/v2\/media\/554"}],"wp:attachment":[{"href":"https:\/\/www.soltechmexico.com\/shop\/wp-json\/wp\/v2\/media?parent=553"}],"wp:term":[{"taxonomy":"product_cat","embeddable":true,"href":"https:\/\/www.soltechmexico.com\/shop\/wp-json\/wp\/v2\/product_cat?post=553"},{"taxonomy":"product_tag","embeddable":true,"href":"https:\/\/www.soltechmexico.com\/shop\/wp-json\/wp\/v2\/product_tag?post=553"}],"curies":[{"name":"wp","href":"https:\/\/api.w.org\/{rel}","templated":true}]}}